{"id":79,"date":"2022-09-24T02:05:41","date_gmt":"2022-09-24T00:05:41","guid":{"rendered":"http:\/\/asvieuxlille.fr\/?page_id=79"},"modified":"2025-08-25T15:55:54","modified_gmt":"2025-08-25T13:55:54","slug":"histoire","status":"publish","type":"page","link":"https:\/\/asvieuxlille.fr\/index.php\/histoire\/","title":{"rendered":"Histoire"},"content":{"rendered":"\n<p>Le club omnisports Association Sportive du Vieux-Lille (ASVL) a \u00e9t\u00e9 cr\u00e9\u00e9 en 1987. C\u2019est apr\u00e8s la construction de la salle Maryse Basti\u00e9 en 1996 que le club ASVL cr\u00e9e la section Basketball avec une \u00e9quipe s\u00e9nior masculine. Rapidement le club se d\u00e9veloppe en nombre de licenci\u00e9s avec la cr\u00e9ation d\u2019\u00e9quipes jeunes. L\u2019\u00e9quipe fanion acc\u00e8de au championnat r\u00e9gional en 2010 et elle \u00e9volue aujourd\u2019hui au plus haut niveau r\u00e9gional, le championnat pr\u00e9national. L\u2019\u00e9quipe s\u00e9nior f\u00e9minine est mont\u00e9e chaque ann\u00e9e ces 3 ann\u00e9es derni\u00e8res ann\u00e9es pour \u00e9voluer en championnat r\u00e9gional la saison 2025-2026. En 2024, le club compte 150 licenci\u00e9s, 12 dirigeants et 10 entra\u00eeneurs.<\/p>\n\n\n\n<p>\u00c0 la rentr\u00e9e 2026, la section Basket de l\u2019ASVL devient une association sportive \u00e0 part enti\u00e8re sous la d\u00e9nomination <em><strong>Association Sportive du Vieux-Lille Basket<\/strong><\/em> et adopte un nouveau logo.<\/p>\n\n\n\n\n\n<p><\/p>\n","protected":false},"excerpt":{"rendered":"<p>Le club omnisports Association Sportive du Vieux-Lille (ASVL) a \u00e9t\u00e9 cr\u00e9\u00e9 en 1987. C\u2019est apr\u00e8s la construction de la salle Maryse Basti\u00e9 en 1996 que le club ASVL cr\u00e9e la section Basketball avec une \u00e9quipe s\u00e9nior masculine. Rapidement le club se d\u00e9veloppe en nombre de licenci\u00e9s avec la cr\u00e9ation d\u2019\u00e9quipes jeunes. L\u2019\u00e9quipe fanion acc\u00e8de au [&hellip;]<\/p>\n","protected":false},"author":1,"featured_media":0,"parent":0,"menu_order":0,"comment_status":"closed","ping_status":"closed","template":"","meta":{"_seopress_robots_primary_cat":"","_seopress_titles_title":"","_seopress_titles_desc":"","_seopress_robots_index":"","footnotes":""},"class_list":["post-79","page","type-page","status-publish","hentry"],"_links":{"self":[{"href":"https:\/\/asvieuxlille.fr\/index.php\/wp-json\/wp\/v2\/pages\/79","targetHints":{"allow":["GET"]}}],"collection":[{"href":"https:\/\/asvieuxlille.fr\/index.php\/wp-json\/wp\/v2\/pages"}],"about":[{"href":"https:\/\/asvieuxlille.fr\/index.php\/wp-json\/wp\/v2\/types\/page"}],"author":[{"embeddable":true,"href":"https:\/\/asvieuxlille.fr\/index.php\/wp-json\/wp\/v2\/users\/1"}],"replies":[{"embeddable":true,"href":"https:\/\/asvieuxlille.fr\/index.php\/wp-json\/wp\/v2\/comments?post=79"}],"version-history":[{"count":5,"href":"https:\/\/asvieuxlille.fr\/index.php\/wp-json\/wp\/v2\/pages\/79\/revisions"}],"predecessor-version":[{"id":1037,"href":"https:\/\/asvieuxlille.fr\/index.php\/wp-json\/wp\/v2\/pages\/79\/revisions\/1037"}],"wp:attachment":[{"href":"https:\/\/asvieuxlille.fr\/index.php\/wp-json\/wp\/v2\/media?parent=79"}],"curies":[{"name":"wp","href":"https:\/\/api.w.org\/{rel}","templated":true}]}}